{"id":14,"date":"2022-10-03T12:40:21","date_gmt":"2022-10-03T15:40:21","guid":{"rendered":"https:\/\/aflorarte.com\/webmeetings\/?page_id=14"},"modified":"2022-10-13T18:15:57","modified_gmt":"2022-10-13T21:15:57","slug":"reservar-turno","status":"publish","type":"page","link":"https:\/\/aflorarte.com\/webmeetings\/reservar-turno\/","title":{"rendered":"Reservar Turno"},"content":{"rendered":"<p align=\"left\"><span style=\"font-family: Verdana;\"><a href=\"https:\/\/aflorarte.com\/webmeetings\/reservar-turno\/\">Las consultas son personales. Se toman ONLINE v\u00eda Zoom, Skype, <\/a>o si lo prefiere, puede solicitar una consulta telef\u00f3nica o por video-llamada, a cargo del paciente.<\/span><\/p>\n<p align=\"left\"><span style=\"font-family: Verdana;\"><b>Las consultas est\u00e1n a cargo de Liliana Dercy\u00e9. <\/b><\/span><\/p>\n<p align=\"left\"><span style=\"font-family: Verdana;\">Qui\u00e9n es Liliana Dercy\u00e9: <\/span><\/p>\n<ul>\n<li>\n<p align=\"left\"><span style=\"font-family: Verdana;\">Terapeuta Floral activa desde 1998 manejando los sistemas florales de Bach, Bush, California<\/span><\/p>\n<\/li>\n<li>\n<p align=\"left\"><span style=\"font-family: Verdana;\">Master en Programaci\u00f3n Neuroling\u00fc\u00edstica (PNL)<\/span><\/p>\n<\/li>\n<li>\n<p align=\"left\"><span style=\"font-family: Verdana;\">Master en Terapia Floral y Psicosom\u00e1tica<\/span><\/p>\n<\/li>\n<li>\n<p align=\"left\"><span style=\"font-family: Verdana;\">T\u00e9cnica en Hipnoterapia Ericksoniana<\/span><\/p>\n<\/li>\n<li>\n<p align=\"left\"><span style=\"font-family: Verdana;\"><a href=\"https:\/\/www.aflorarte.com\/AFLORARTE-HOME\">Directora de Aflorarte.com<\/a> y <a href=\"https:\/\/www.loqueengordaeslaemocion.com\/INICIO\">Loqueengordaeslaemocion.com.<\/a><br \/>\n<i>Plataformas de Educacion Emocional online y Coaching Online para adelgazar<\/i><\/span><\/p>\n<\/li>\n<li>\n<p align=\"left\"><span style=\"font-family: Verdana;\">Autora de los <a href=\"https:\/\/www.lulu.com\/spotlight\/aflorarte\">Manuales de Aflorarte, numerosos libros sobre la terapia floral. <\/a><br \/>\n<\/span><\/p>\n<\/li>\n<li><span style=\"font-family: Verdana;\">Perfil completo de Liliana Dercy\u00e9 en LinkedIn <a href=\"https:\/\/www.linkedin.com\/in\/liliana-dercye\/\">https:\/\/www.linkedin.com\/in\/liliana-dercye\/<\/a><\/span><\/li>\n<\/ul>\n<p align=\"left\"><strong><span style=\"font-family: Verdana;\"><span style=\"color: #ff0000;\">*<\/span>Reserve su turno con Liliana Dercye ahora <a href=\"https:\/\/aflorarte.com\/webmeetings\/reservar-turno\/\">pulsando aqu\u00ed<\/a> <\/span><a title=\"Reservar\" href=\"https:\/\/aflorarte.com\/webmeetings\/reservar-turno\/agenda-2\/\" target=\"_blank\" rel=\"noopener\">o sobre la imagen a continuaci\u00f3n<\/a><\/strong><\/p>\n<h3 style=\"text-align: center;\" align=\"left\"><b>Si \u00e9sta es su primera consulta,<br \/>\npor favor, <\/b><a href=\"https:\/\/aflorarte.com\/webmeetings\/reservar-turno\/#nota\"><b>lea esto antes de hacer su reserva<\/b><\/a><\/h3>\n<p align=\"left\"><a href=\"https:\/\/aflorarte.com\/webmeetings\/reservar-turno\/\"><img loading=\"lazy\" src=\"https:\/\/aflorarte.com\/webmeetings\/wp-content\/uploads\/2014\/01\/calendar-turnos.jpg\" alt=\"calendar-turnos\" width=\"560\" height=\"349\" \/><\/a><\/p>\n<p><!-- Start of StatCounter Code for Default Guide --> <script type=\"text\/javascript\">\nvar sc_project=4506594; \nvar sc_invisible=1; \nvar sc_security=\"32eb2b6f\"; \n<\/script> <script type=\"text\/javascript\" src=\"https:\/\/www.statcounter.com\/counter\/counter.js\"><\/script><noscript><\/p>\n<div class=\"statcounter\"><a title=\"hits counter\" href=\"https:\/\/statcounter.com\/free-hit-counter\/\" target=\"_blank\" rel=\"noopener\"><img loading=\"lazy\" class=\"statcounter\" src=\"https:\/\/c.statcounter.com\/4506594\/0\/32eb2b6f\/1\/\" alt=\"hits counter\" width=\"1\" height=\"1\"><\/a><\/div>\n<p align=\"left\"><a name=\"nota\"><\/a><\/p>\n<p>&nbsp;<\/p>\n<div align=\"left\">\n<table border=\"0\" width=\"58%\">\n<tbody>\n<tr>\n<td width=\"100%\">\n<p align=\"center\"><b><span style=\"font-family: Verdana;\">A TENER EN CUENTA<\/span><\/b><\/p>\n<p><strong><span style=\"font-family: Verdana;\">ZONA HORARIA:<\/span><\/strong><span style=\"font-family: Verdana;\"> <strong>Los horarios est\u00e1n pautados seg\u00fan hora local UTC\/GMT-3 \u2013<\/strong><\/span><\/p>\n<ul>\n<li><b><span style=\"font-family: Verdana;\">PACIENTES NUEVOS: <\/span><\/b><span style=\"font-family: Verdana;\">Reservar una \u00fanica <strong>CONSULTA INICIAL. <\/strong><\/span><\/li>\n<li><strong><span style=\"font-family: Verdana;\">PACIENTES EN TRATAMIENTO: <\/span><\/strong><span style=\"font-family: Verdana;\">Pueden hacer <strong>RESERVAS DE TURNOS M\u00daLTIPLES <\/strong> hasta un m\u00e1ximo de 4 turnos. Esta opci\u00f3n es v\u00e1lida \u00fanicamente para pacientes en tratamiento. Personas que, luego de la CONSULTA INICIAL, deseen reservar sus turnos; planificar sus tratamientos semanales, quincenales o mensuales a <strong>tarifa reducida. <\/strong><\/span><\/li>\n<\/ul>\n<p><strong><span style=\"font-family: Verdana;\">IMPORTANTE A TENER EN CUENTA: <\/span><\/strong><em><span style=\"font-family: Verdana;\">La <strong>RESERVA DE TURNOS MULTIPLES<\/strong> no se aplica para la atencion de <strong>m\u00faltiples pacientes<\/strong>. , La Reserva de Turnos M\u00faltiples no es transferible; Si esta es su primera consulta, por favor, contrate una \u00fanica consulta iniclal. <\/span><\/em><\/p>\n<ul>\n<li><b><span style=\"font-family: Verdana;\">Modalidad de la consulta online:<\/span><\/b><span style=\"font-family: Verdana;\"> mediante conversaciones v\u00eda <a href=\"https:\/\/www.skype.com\/es\/\" target=\"_blank\" rel=\"noopener\">Skype<\/a>, un servicio gratuito de comunicaci\u00f3n en l\u00ednea. <a href=\"https:\/\/www.skype.com\/es\/\" target=\"_blank\" rel=\"noopener\">Si todav\u00eda no tiene su cuenta Skype gratuita, puede tramitarla desde aqu\u00ed, (Skipe). <\/a>O bien, si lo prefiere, puede solicitar una consulta telef\u00f3nica o por video-llamada, WhatsApp, a cargo del paciente.<\/span><\/li>\n<li><strong><span style=\"font-family: Verdana;\">Duraci\u00f3n de la consulta online con Liliana Dercy\u00e9<\/span><\/strong><span style=\"font-family: Verdana;\">: un m\u00ednimo de 50 minutos. <i>(La primera sesi\u00f3n podr\u00eda extenderse)<\/i><\/span><\/li>\n<li><strong><span style=\"font-family: Verdana;\">Formas de Pago: <\/span><\/strong><span style=\"font-family: Verdana;\">Tarjetas de Cr\u00e9dito , Cuentas PayPal- <b> Las tarifas <\/b><em>est\u00e1n expresadas en d\u00f3lares estadounidenses (y se cobra en su equivalente en moneda local) La conversi\u00f3n de moneda la realiza autom\u00e1ticamente PayPal en el proceso de compra y equivaldr\u00e1 al cambio del d\u00eda.<\/em><\/span><\/li>\n<li><span style=\"font-family: Verdana;\"><strong>Cancelaci\u00f3n de Turnos:<\/strong> No efectuamos reembolo. Puede modificar su turno hasta 72hs. antes del mismo envi\u00e1ndonos un email para combinar nuevo horario.<\/span><\/li>\n<\/ul>\n<p><strong><span style=\"font-family: Verdana;\">Proceso:<\/span><\/strong><\/p>\n<ul>\n<li><span style=\"font-family: Verdana;\">Revise la conversi\u00f3n horaria con la hora de su pa\u00eds. Puede hacerlo con el conversor que aparece en esta pantalla, o <a href=\"https:\/\/www.worldtimebuddy.com\/\"><b>desde aqu\u00ed<\/b><\/a> <\/span><\/li>\n<li><span style=\"font-family: Verdana;\">Elige entre los turnos disponibles <\/span><\/li>\n<li><span style=\"font-family: Verdana;\">Abona con Tarjeta de Cr\u00e9dito o Cuenta PayPal. <\/span><\/li>\n<li><span style=\"font-family: Verdana;\">Una vez concretada la operaci\u00f3n, recibir\u00e1 email de bienvenida). Esta respuesta autom\u00e1tica <strong>contiene el n\u00famero o ID de Skype desde el que ser\u00e1 atendido<\/strong>. <em>Si no recibe esta respuesta autom\u00e1tica en su bandeja de entrada, b\u00fasquela en su Carpeta de Correo Spam. <\/em>Luego:<\/span><\/li>\n<li><span style=\"font-family: Verdana;\">IMPORTANTE: <u>Siga las instrucciones del email de bienvenida para confirmar el tr\u00e1mite.<\/u><\/span><\/li>\n<li><span style=\"font-family: Verdana;\">Ante cualquier dificultad, para modificar un turno, cont\u00e1ctenos desde el formulario de contacto en este sitio, <a href=\"https:\/\/aflorarte.com\/webmeetings\/contactar\/\">https:\/\/aflorarte.com\/webmeetings\/contactar\/<\/a>, o desde: <a href=\"https:\/\/www.aflorarte.com\/contactarnos.htm\">https:\/\/www.aflorarte.com\/contactarnos.htm<\/a><\/span><\/li>\n<li><\/li>\n<\/ul>\n<p><span style=\"font-family: Verdana;\">El servicio de Consultas OnLine con Liliana Dercy\u00e9 cubre las necesidades de <\/span><\/p>\n<ul>\n<li><span style=\"font-family: Verdana;\">Particulares interesados en atenderse, <\/span><\/li>\n<li><span style=\"font-family: Verdana;\">Terapeutas interesados en recibir asesoramiento y\/o supervisaci\u00f3n en el tratamientos de sus pacientes.<\/span><\/li>\n<\/ul>\n<p><span style=\"font-family: Verdana;\"><a href=\"https:\/\/aflorarte.com\/webmeetings\/reservar-turno\/agenda-2\/\">Reservar Turno<\/a> <\/span><\/p>\n<p><a href=\"https:\/\/aflorarte.com\/webmeetings\/reservar-turno\/agenda-2\/\"><span style=\"font-family: Verdana;\"><img loading=\"lazy\" class=\"aligncenter size-full wp-image-218\" src=\"https:\/\/aflorarte.com\/webmeetings\/wp-content\/uploads\/2014\/01\/calendar-turnos.jpg\" alt=\"calendar-turnos\" width=\"542\" height=\"340\" \/><\/span><\/a><\/p>\n<p>&nbsp;<\/td>\n<\/tr>\n<tr>\n<td width=\"100%\">&nbsp;<\/p>\n<p><span style=\"font-family: Verdana;\"> <script async=\"\" src=\"https:\/\/pagead2.googlesyndication.com\/pagead\/js\/adsbygoogle.js\"><\/script> <script> \n     (adsbygoogle = window.adsbygoogle || []).push({}); \n<\/script> <\/span><\/p>\n<p>&nbsp;<\/td>\n<\/tr>\n<\/tbody>\n<\/table>\n<\/div>\n<div id=\"tertiary\" class=\"sidebar-container\" role=\"complementary\">\n<div class=\"sidebar-inner\">\n<div class=\"widget-area\">\n<aside id=\"acx-social-icons-widget-2\" class=\"widget acx-fsmi-social-icons-desc\">\n<h3 class=\"widget-title\"><\/h3>\n<\/aside>\n<\/div>\n<\/div>\n<\/div>\n","protected":false},"excerpt":{"rendered":"<p>Las consultas son personales. Se toman ONLINE v\u00eda Zoom, Skype, o si lo prefiere, puede solicitar una consulta telef\u00f3nica o por video-llamada, a cargo del paciente. Las consultas est\u00e1n a cargo de Liliana Dercy\u00e9. Qui\u00e9n es Liliana Dercy\u00e9: Terapeuta Floral activa desde 1998 manejando los sistemas florales de Bach, Bush, California Master en Programaci\u00f3n Neuroling\u00fc\u00edstica &hellip; <a href=\"https:\/\/aflorarte.com\/webmeetings\/reservar-turno\/\" class=\"more-link\">Continu\u00e1 leyendo <span class=\"screen-reader-text\">Reservar Turno<\/span> <span class=\"meta-nav\">&rarr;<\/span><\/a><\/p>\n","protected":false},"author":1,"featured_media":0,"parent":0,"menu_order":2,"comment_status":"closed","ping_status":"closed","template":"","meta":[],"_links":{"self":[{"href":"https:\/\/aflorarte.com\/webmeetings\/wp-json\/wp\/v2\/pages\/14"}],"collection":[{"href":"https:\/\/aflorarte.com\/webmeetings\/wp-json\/wp\/v2\/pages"}],"about":[{"href":"https:\/\/aflorarte.com\/webmeetings\/wp-json\/wp\/v2\/types\/page"}],"author":[{"embeddable":true,"href":"https:\/\/aflorarte.com\/webmeetings\/wp-json\/wp\/v2\/users\/1"}],"replies":[{"embeddable":true,"href":"https:\/\/aflorarte.com\/webmeetings\/wp-json\/wp\/v2\/comments?post=14"}],"version-history":[{"count":4,"href":"https:\/\/aflorarte.com\/webmeetings\/wp-json\/wp\/v2\/pages\/14\/revisions"}],"predecessor-version":[{"id":69,"href":"https:\/\/aflorarte.com\/webmeetings\/wp-json\/wp\/v2\/pages\/14\/revisions\/69"}],"wp:attachment":[{"href":"https:\/\/aflorarte.com\/webmeetings\/wp-json\/wp\/v2\/media?parent=14"}],"curies":[{"name":"wp","href":"https:\/\/api.w.org\/{rel}","templated":true}]}}