{"id":17,"date":"2022-10-03T12:45:54","date_gmt":"2022-10-03T15:45:54","guid":{"rendered":"https:\/\/aflorarte.com\/webmeetings\/?page_id=17"},"modified":"2024-01-24T11:56:46","modified_gmt":"2024-01-24T14:56:46","slug":"ingresar-2","status":"publish","type":"page","link":"https:\/\/aflorarte.com\/webmeetings\/","title":{"rendered":"Ingresar"},"content":{"rendered":"<p>Bienvenido!<\/p>\n<p><a href=\"https:\/\/aflorarte.com\/webmeetings\/wp-login.php\" target=\"_blank\" rel=\"noopener\">Registrarse a Webmeetings desde aqu\u00ed<\/a> o completando e casillero Login al costado de su pantalla. Usuarios an\u00f3nimos no tienen acceso a la plataforma de Webmeetings. <a href=\"https:\/\/aflorarte.com\/webmeetings\/wp-login.php\" target=\"_blank\" rel=\"noopener\">Reg\u00edstrese ahora<\/a><\/p>\n<p>TOME NOTA: Usuarios registrados pueden ingresar a la plataforma pero <strong>el ingreso a la plataforma<\/strong> <strong>no los habilita a asistir a nuestros encuentros online ni a acceder a grabaciones de encuentros anteriores<\/strong>.<\/p>\n<p>Para asistir a los encuentros online necesita tramitar su invitaci\u00f3n. Para enterarse de nuestros pr\u00f3ximos eventos y tramitar su invitaci\u00f3n, reg\u00edstrese a las listas de correo desde nuestros sitios web:<\/p>\n<p><a href=\"https:\/\/www.loqueengordaeslaemocion.com\/\" target=\"_blank\" rel=\"noopener\"> <img loading=\"lazy\" src=\"https:\/\/www.loqueengordaeslaemocion.com\/images\/facbook-lqueele-portada-fb-2.jpg\" alt=\"facbook-lqueele-portada-fb-2\" width=\"856\" height=\"324\" border=\"0\" \/><\/a><\/p>\n<p><a href=\"https:\/\/www.aflorarte.com\/bibliolab\" target=\"_blank\" rel=\"noopener\"><img loading=\"lazy\" src=\"https:\/\/www.aflorarte.com\/bibliolab\/wp-content\/uploads\/2014\/06\/cropped-www.kizoa_.com_kizoa_MERGED-2014-06-11_10-55-381.jpg\" width=\"869\" height=\"184\" \/><\/a><\/p>\n<p><a href=\"https:\/\/www.aflorarte.com\/\" target=\"_blank\" rel=\"noopener\"><img loading=\"lazy\" src=\"https:\/\/www.aflorarte.com\/images\/aflorarte.jpg\" alt=\"aflorarte\" width=\"876\" height=\"203\" \/><\/a><\/p>\n<p><a href=\"https:\/\/www.lilianadercye.com\/coaching-online\/\" target=\"_blank\" rel=\"noopener\"><img loading=\"lazy\" src=\"https:\/\/www.lilianadercye.com\/coaching-online\/wp-content\/uploads\/2013\/04\/cropped-lqueele-wp.jpg\" width=\"870\" height=\"186\" \/><\/a><\/p>\n<p><a href=\"https:\/\/www.aflorarte.com\/bibliolab\" target=\"_blank\" rel=\"noopener\"><img loading=\"lazy\" src=\"https:\/\/www.aflorarte.com\/images\/AFLOYLOQUE.jpg\" width=\"845\" height=\"131\" border=\"0\" \/><\/a><\/p>\n<p><a href=\"https:\/\/www.aflorarte.com\/bibliolab\" target=\"_blank\" rel=\"noopener\">Registrarse desde el BiblioLab<\/a><\/p>\n<p><a href=\"https:\/\/www.loqueengordaeslaemocion.com\/\" target=\"_blank\" rel=\"noopener\">Registrarse desde LoQueEngordaEsLaEmocion.com<\/a><\/p>\n<p><strong><a href=\"https:\/\/www.facebook.com\/Aflorarte\" target=\"_blank\" rel=\"noopener\">Registrarse por Facebook Aflorarte<\/a><\/strong><\/p>\n<p><a href=\"https:\/\/www.facebook.com\/LoQueEngordaEsLaEmocion\" target=\"_blank\" rel=\"noopener\"><img loading=\"lazy\" src=\"https:\/\/www.loqueengordaeslaemocion.com\/images\/facebooklike.jpg\" alt=\"\" width=\"127\" height=\"50\" align=\"left\" border=\"0\" \/><\/a><a href=\"https:\/\/www.facebook.com\/Aflorarte\">Aflorarte.com<\/a> est\u00e1 en Facebook<\/p>\n<p><strong><a href=\"https:\/\/www.facebook.com\/LoQueEngordaEsLaEmocion\" target=\"_blank\" rel=\"noopener\">Registrarse por Facebook\/LoQueEngordaEsLaEmocion<\/a> <\/strong><\/p>\n<p><a href=\"https:\/\/www.facebook.com\/LoQueEngordaEsLaEmocion\">LoQueEngordaEsLaEmocion.com<\/a> est\u00e1 en Facebook<\/p>\n<p><a href=\"https:\/\/www.linkedin.com\/in\/liliana-dercye\/\"><img loading=\"lazy\" src=\"https:\/\/www.aflorarte.com\/bibliolab\/wp-content\/uploads\/2013\/08\/logo_emails_trans_98x24.png\" alt=\"\" width=\"74\" height=\"25\" border=\"0\" \/><\/a> <a href=\"https:\/\/www.facebook.com\/Aflorarte\"><img loading=\"lazy\" src=\"https:\/\/www.aflorarte.com\/bibliolab\/wp-content\/uploads\/2013\/08\/siguemefacebook2.gif\" alt=\"\" width=\"98\" height=\"27\" border=\"0\" \/><\/a> <a href=\"https:\/\/twitter.com\/Aflorarte\"><img loading=\"lazy\" src=\"https:\/\/www.aflorarte.com\/bibliolab\/wp-content\/uploads\/2013\/08\/aflorarte-twitter.jpg\" alt=\"\" width=\"78\" height=\"32\" border=\"0\" \/><\/a><\/p>\n<p>&nbsp;<\/p>\n","protected":false},"excerpt":{"rendered":"<p>Bienvenido! Registrarse a Webmeetings desde aqu\u00ed o completando e casillero Login al costado de su pantalla. Usuarios an\u00f3nimos no tienen acceso a la plataforma de Webmeetings. Reg\u00edstrese ahora TOME NOTA: Usuarios registrados pueden ingresar a la plataforma pero el ingreso a la plataforma no los habilita a asistir a nuestros encuentros online ni a acceder &hellip; <a href=\"https:\/\/aflorarte.com\/webmeetings\/\" class=\"more-link\">Continu\u00e1 leyendo <span class=\"screen-reader-text\">Ingresar<\/span> <span class=\"meta-nav\">&rarr;<\/span><\/a><\/p>\n","protected":false},"author":1,"featured_media":0,"parent":0,"menu_order":0,"comment_status":"closed","ping_status":"closed","template":"","meta":[],"_links":{"self":[{"href":"https:\/\/aflorarte.com\/webmeetings\/wp-json\/wp\/v2\/pages\/17"}],"collection":[{"href":"https:\/\/aflorarte.com\/webmeetings\/wp-json\/wp\/v2\/pages"}],"about":[{"href":"https:\/\/aflorarte.com\/webmeetings\/wp-json\/wp\/v2\/types\/page"}],"author":[{"embeddable":true,"href":"https:\/\/aflorarte.com\/webmeetings\/wp-json\/wp\/v2\/users\/1"}],"replies":[{"embeddable":true,"href":"https:\/\/aflorarte.com\/webmeetings\/wp-json\/wp\/v2\/comments?post=17"}],"version-history":[{"count":5,"href":"https:\/\/aflorarte.com\/webmeetings\/wp-json\/wp\/v2\/pages\/17\/revisions"}],"predecessor-version":[{"id":68,"href":"https:\/\/aflorarte.com\/webmeetings\/wp-json\/wp\/v2\/pages\/17\/revisions\/68"}],"wp:attachment":[{"href":"https:\/\/aflorarte.com\/webmeetings\/wp-json\/wp\/v2\/media?parent=17"}],"curies":[{"name":"wp","href":"https:\/\/api.w.org\/{rel}","templated":true}]}}